{"id":38,"date":"2014-09-04T14:47:30","date_gmt":"2014-09-04T12:47:30","guid":{"rendered":"http:\/\/operation-zukunft.de\/?page_id=38"},"modified":"2026-03-17T14:42:38","modified_gmt":"2026-03-17T12:42:38","slug":"beratung","status":"publish","type":"page","link":"http:\/\/operation-zukunft.de\/?page_id=38","title":{"rendered":"Beratung"},"content":{"rendered":"<h4>Beratungsprojekte zu den Themen KI, Innovation, Technologiemanagement bzw. -strategie und\/oder Zukunftsbetrachtungen<\/h4>\n<p><span style=\"text-decoration: underline;\">Angebot:<br \/>\n<\/span><strong><br \/>\nGanz aktuell: Beratung zur Inbetriebnahme von Agenten zu Foresight und Strategieentwicklung:<\/strong><br \/>\n<strong>Prototyp unter:<\/strong> <a href=\"http:\/\/picturesofthefuture.de\">picturesofthefuture.de<\/a><br \/>\n<span style=\"text-decoration: underline;\"><br \/>\n<\/span>Beratungsdienstleistungen im Rahmen von Beratungsprojekten zu folgenden Fragestellungen (Auszug!):<\/p>\n<ul>\n<li>Wie ver\u00e4ndert KI die Themen Strategieplanung, Foresight und Innovation in Unternehmen?<\/li>\n<li>Wie ist die Innovationsf\u00e4higkeit unserer Organisation einzusch\u00e4tzen (und wodurch kann diese beeinflusst \/ verbessert werden)?<\/li>\n<li>Wie kann sich die Organisation besser auf die Zukunft vorbereiten?<\/li>\n<li>Warum funktioniert unser Innovationsprozess nicht?<\/li>\n<li>Was k\u00f6nnten zuk\u00fcnftige Gesch\u00e4ftsfelder f\u00fcr unsere Organisation werden?<\/li>\n<li>Wie bekommt man Struktur in die Technologieentwicklung?<\/li>\n<\/ul>\n<p><span style=\"text-decoration: underline;\">Nutzen:<br \/>\n<\/span>externe Perspektive, neue Impulse, langj\u00e4hrige Erfahrung und Leidenschaft<\/p>\n<p><span style=\"text-decoration: underline;\">Kosten:<br \/>\n<\/span>Honorar pro Tag (nicht verhandelbar)<\/p>\n<p><span style=\"text-decoration: underline;\">Anmerkung:<\/span><br \/>\nW\u00e4hrend meiner langj\u00e4hrigen Beratungst\u00e4tigkeit bei Siemens Corporate Technology habe ich die Erfahrung gemacht, dass viele derartige Beratungsprojekte scheitern. Die Gr\u00fcnde sind vielf\u00e4ltig: die Ziele sind unrealistisch, Projektleiter verstehen unter &#8218;Innovation&#8216; oder &#8218;Foresight&#8216; etwas anderes, oft geht es auch gar nicht um Innovationen, Technologien oder Zukunftsbetrachtungen sondern nur ums so tun als ob und das &#8218;gut ankommen&#8216;. Ich nehme mir die Freiheit heraus, solche Anfragen prinzipiell abzulehnen, sollte der Eindruck von solch ung\u00fcnstigen Randbedingungen entstehen.<\/p>\n","protected":false},"excerpt":{"rendered":"<p>Beratungsprojekte zu den Themen KI, Innovation, Technologiemanagement bzw. -strategie und\/oder Zukunftsbetrachtungen Angebot: Ganz aktuell: Beratung zur Inbetriebnahme von Agenten zu &#8230; <br \/><a class=\"more-link\" href=\"http:\/\/operation-zukunft.de\/?page_id=38\">keep reading<\/a><\/p>\n","protected":false},"author":3,"featured_media":0,"parent":17,"menu_order":1,"comment_status":"closed","ping_status":"closed","template":"","meta":{"_monsterinsights_skip_tracking":false,"_monsterinsights_sitenote_active":false,"_monsterinsights_sitenote_note":"","_monsterinsights_sitenote_category":0,"footnotes":""},"class_list":["post-38","page","type-page","status-publish","hentry"],"_links":{"self":[{"href":"http:\/\/operation-zukunft.de\/index.php?rest_route=\/wp\/v2\/pages\/38","targetHints":{"allow":["GET"]}}],"collection":[{"href":"http:\/\/operation-zukunft.de\/index.php?rest_route=\/wp\/v2\/pages"}],"about":[{"href":"http:\/\/operation-zukunft.de\/index.php?rest_route=\/wp\/v2\/types\/page"}],"author":[{"embeddable":true,"href":"http:\/\/operation-zukunft.de\/index.php?rest_route=\/wp\/v2\/users\/3"}],"replies":[{"embeddable":true,"href":"http:\/\/operation-zukunft.de\/index.php?rest_route=%2Fwp%2Fv2%2Fcomments&post=38"}],"version-history":[{"count":7,"href":"http:\/\/operation-zukunft.de\/index.php?rest_route=\/wp\/v2\/pages\/38\/revisions"}],"predecessor-version":[{"id":146,"href":"http:\/\/operation-zukunft.de\/index.php?rest_route=\/wp\/v2\/pages\/38\/revisions\/146"}],"up":[{"embeddable":true,"href":"http:\/\/operation-zukunft.de\/index.php?rest_route=\/wp\/v2\/pages\/17"}],"wp:attachment":[{"href":"http:\/\/operation-zukunft.de\/index.php?rest_route=%2Fwp%2Fv2%2Fmedia&parent=38"}],"curies":[{"name":"wp","href":"https:\/\/api.w.org\/{rel}","templated":true}]}}