{"id":17,"date":"2014-08-25T23:24:25","date_gmt":"2014-08-25T21:24:25","guid":{"rendered":"http:\/\/operation-zukunft.de\/?page_id=17"},"modified":"2026-03-17T14:45:15","modified_gmt":"2026-03-17T12:45:15","slug":"operation-zukunft","status":"publish","type":"page","link":"http:\/\/operation-zukunft.de\/","title":{"rendered":"Operation-Zukunft"},"content":{"rendered":"<p>\u00dcber <a href=\"http:\/\/www.operation-zukunft.de\">Operation-Zukunft<\/a> biete ich Beratungsdienstleisungen auf den Gebieten Innovationsmanagement und Zukunftsforschung an. Das Angebot umfasst drei m\u00f6gliche Formen der Zusammenarbeit:<\/p>\n<table style=\"height: 139px;\" width=\"746\">\n<tbody>\n<tr>\n<td>\n<h4 style=\"text-align: center;\"><a href=\"http:\/\/www.operation-zukunft.de\/?page_id=36\">Forschung<\/a><\/h4>\n<\/td>\n<td>\n<h4 style=\"text-align: center;\"><a href=\"http:\/\/www.operation-zukunft.de\/?page_id=38\">Beratung<\/a><\/h4>\n<\/td>\n<td>\n<h4 style=\"text-align: center;\"><a href=\"http:\/\/www.operation-zukunft.de\/?page_id=40\">Vortr\u00e4ge<\/a><\/h4>\n<\/td>\n<\/tr>\n<tr>\n<td><a href=\"http:\/\/www.operation-zukunft.de\/?page_id=36\"><img loading=\"lazy\" decoding=\"async\" class=\"aligncenter wp-image-81 size-thumbnail\" src=\"http:\/\/operation-zukunft.de\/wp-content\/uploads\/2014\/08\/Sketch-2014-10-23-Forschung-150x150.png\" alt=\"Sketch 2014-10-23 Forschung\" width=\"150\" height=\"150\" \/><\/a><\/td>\n<td><a href=\"http:\/\/www.operation-zukunft.de\/?page_id=38\"><img loading=\"lazy\" decoding=\"async\" class=\"aligncenter wp-image-70 size-thumbnail\" src=\"http:\/\/operation-zukunft.de\/wp-content\/uploads\/2014\/10\/Sketch-2014-10-23-Beratung-150x150.png\" alt=\"Sketch 2014-10-23 Beratung\" width=\"150\" height=\"150\" \/><\/a><\/td>\n<td><a href=\"http:\/\/www.operation-zukunft.de\/?page_id=40\"><img loading=\"lazy\" decoding=\"async\" class=\"aligncenter wp-image-78 size-thumbnail\" src=\"http:\/\/operation-zukunft.de\/wp-content\/uploads\/2014\/08\/Sketch-2014-10-24-Vortrag-2-150x150.png\" alt=\"Sketch 2014-10-24 Vortrag-2\" width=\"150\" height=\"150\" \/><\/a><\/td>\n<\/tr>\n<\/tbody>\n<\/table>\n<p>\u00a0<\/p>\n<p><strong>Prototyp zum Thema &#8222;KI-Agenten in Foresight und Strategieentwicklung&#8220; :<\/strong> <a href=\"http:\/\/picturesofthefuture.de\">picturesofthefuture.de\u00a0<\/a><\/p>\n<p>Anfang M\u00e4rz erscheint das neue Buch: The Automated Future: Wie KI Foresight, Strategieplanung und Innovationsmanagement revolutioniert.<\/p>\n\n\n<div class=\"wp-block-columns is-layout-flex wp-container-core-columns-is-layout-9d6595d7 wp-block-columns-is-layout-flex\">\n<div class=\"wp-block-column is-layout-flow wp-block-column-is-layout-flow\">\n<figure class=\"wp-block-image size-full is-resized\"><a href=\"http:\/\/operation-zukunft.de\/wp-content\/uploads\/2026\/02\/Gemini_Generated_Image_g9i034g9i034g9i0-e1772015066373.png\"><img loading=\"lazy\" decoding=\"async\" width=\"250\" height=\"373\" src=\"http:\/\/operation-zukunft.de\/wp-content\/uploads\/2026\/02\/Gemini_Generated_Image_g9i034g9i034g9i0-e1772015066373.png\" alt=\"\" class=\"wp-image-132\" style=\"aspect-ratio:0.6702477103219074;width:351px;height:auto\"\/><\/a><\/figure>\n<\/div>\n\n\n\n<div class=\"wp-block-column is-layout-flow wp-block-column-is-layout-flow\">\n<p class=\"has-text-align-left\">\u201eThe Automated Future\u201c transformiert die strategische Vorausschau von einem monatelangen Prozess in einen hocheffizienten 48-Stunden-KI-Sprint. Basierend auf dem methodischen Fundament meines Klassikers von 2007 etabliert das Buch die \u201eOpenClaw\u201c-Methodik, bei der autonome KI-Agenten die globale Recherche \u00fcbernehmen, w\u00e4hrend der Mensch als Regisseur die finale Intuition beisteuert. Entscheider lernen, wie sie blinde Flecken durch systematisches \u201eFriendly Fire\u201c eliminieren und aufgebl\u00e4hte Strategieabteilungen durch agile, KI-augmentierte Einheiten ersetzen. Das Ergebnis ist eine radikale Beschleunigung bei gleichzeitig massiv gesteigerter Vorhersagequalit\u00e4t. Dieses Buch ist der operative Schlachtplan f\u00fcr Unternehmen, die Komplexit\u00e4t nicht mehr nur verwalten, sondern durch Geschwindigkeit beherrschen wollen.<\/p>\n<\/div>\n<\/div>\n\n\n\n<p> Bei Interesse an einer Zusammenarbeit in der einen oder anderen Form, wenden Sie \/ sie sich am einfachsten per <a href=\"mailto:info@operation-zukunft.de\">email<\/a> an mich.<\/p>\n\n\n\n<p><\/p>\n","protected":false},"excerpt":{"rendered":"<p>\u00dcber Operation-Zukunft biete ich Beratungsdienstleisungen auf den Gebieten Innovationsmanagement und Zukunftsforschung an. Das Angebot umfasst drei m\u00f6gliche Formen der Zusammenarbeit: &#8230; <br \/><a class=\"more-link\" href=\"http:\/\/operation-zukunft.de\/\">keep reading<\/a><\/p>\n","protected":false},"author":3,"featured_media":0,"parent":0,"menu_order":0,"comment_status":"closed","ping_status":"closed","template":"","meta":{"_monsterinsights_skip_tracking":false,"_monsterinsights_sitenote_active":false,"_monsterinsights_sitenote_note":"","_monsterinsights_sitenote_category":0,"footnotes":""},"class_list":["post-17","page","type-page","status-publish","hentry"],"_links":{"self":[{"href":"http:\/\/operation-zukunft.de\/index.php?rest_route=\/wp\/v2\/pages\/17","targetHints":{"allow":["GET"]}}],"collection":[{"href":"http:\/\/operation-zukunft.de\/index.php?rest_route=\/wp\/v2\/pages"}],"about":[{"href":"http:\/\/operation-zukunft.de\/index.php?rest_route=\/wp\/v2\/types\/page"}],"author":[{"embeddable":true,"href":"http:\/\/operation-zukunft.de\/index.php?rest_route=\/wp\/v2\/users\/3"}],"replies":[{"embeddable":true,"href":"http:\/\/operation-zukunft.de\/index.php?rest_route=%2Fwp%2Fv2%2Fcomments&post=17"}],"version-history":[{"count":18,"href":"http:\/\/operation-zukunft.de\/index.php?rest_route=\/wp\/v2\/pages\/17\/revisions"}],"predecessor-version":[{"id":148,"href":"http:\/\/operation-zukunft.de\/index.php?rest_route=\/wp\/v2\/pages\/17\/revisions\/148"}],"wp:attachment":[{"href":"http:\/\/operation-zukunft.de\/index.php?rest_route=%2Fwp%2Fv2%2Fmedia&parent=17"}],"curies":[{"name":"wp","href":"https:\/\/api.w.org\/{rel}","templated":true}]}}